{"id":154,"date":"2019-02-25T07:50:26","date_gmt":"2019-02-25T07:50:26","guid":{"rendered":"http:\/\/www.ttc-ebingen.de\/?page_id=154"},"modified":"2019-05-14T11:09:28","modified_gmt":"2019-05-14T11:09:28","slug":"impressum","status":"publish","type":"page","link":"https:\/\/www.ttc-ebingen.de\/?page_id=154","title":{"rendered":"Impressum"},"content":{"rendered":"\n<p><strong>BETREIBER<\/strong><br>TTC Ebingen 1947 e.V.<br>Ulrichstr. 55<br>72458 Albstadt&nbsp;<\/p>\n\n\n\n<p><strong>VERTRETUNGSBERECHTIGUNG UND<\/strong><br><strong>GESAMTVERANTWORTUNG\u00a0 F\u00dcR DIE INHALTE<\/strong><br>Frank Zacke<br>1. Vorsitzender<br>Tel.: 07431-9482828<br>E-Mail:\u00a0<a href=\"mailto:frank.zacke@t-online.de\">frankzacke@t-online.de<\/a><br>Internet: ttc-ebingen.de<\/p>\n\n\n\n<p><strong>Registergericht:<\/strong>&nbsp;Amtsgericht Stuttgart<br><strong>Registernummer:<\/strong>&nbsp;167 (Vereinsregister)<\/p>\n\n\n\n<p><strong>RECHTLICHE HINWEISE<\/strong><\/p>\n\n\n\n<p>F\u00fcr alle vom TTC Ebingen&nbsp; betriebenen Webangebote gelten folgende Hinweise:<br>Die auf den Webangeboten des TTC Ebingen verwendeten Texte, Bilder, T\u00f6ne u. \u00e4. unterliegen dem deutschen Urheberrecht.&nbsp;<br>Die Verwendung dieser in fremden Publikationen aller Art bedarf einer vorherigen Genehmigung durch den TTC Ebingen. Die Webseiten d\u00fcrfen nur zum privaten Gebrauch abgerufen, gespeichert \/ ausgedruckt werden. Jegliche Ver\u00e4nderung und Verbreitung bzw. \u00f6ffentliche Wiedergabe dieser ist untersagt.<br>F\u00fcr die Richtigkeit der abgerufenen Informationen \u00fcbernimmt der TTC Ebingen keine Gew\u00e4hr. Insbesondere ist die Haftung f\u00fcr Sch\u00e4den, die sich aus der Verwendung der abgerufenen Informationen ergeben, ausgeschlossen.<br>F\u00fcr alle direkten oder indirekten Verweise (Link) auf fremde Internetseiten, die au\u00dferhalb des Verantwortungsbereiches des TTC Ebingen liegen, wird erkl\u00e4rt: Zum Zeitpunkt der Linksetzung waren die entsprechenden verlinkten Seiten frei von illegalen Inhalten bzw. waren Rechtsverst\u00f6\u00dfe nicht erkennbar. Der TTC Ebingen hat keinerlei Einfluss auf die aktuelle und zuk\u00fcnftige Gestaltung und auf die Inhalte der gelinkten Seiten, die nach der Linksetzung ver\u00e4ndert wurden. Der TTC Ebingen distanziert sich hiermit ausdr\u00fccklich von allen Inhalten aller gelinkter Seiten, die nach der Linksetzung ver\u00e4ndert wurden.<br>F\u00fcr illegale, fehlerhafte oder unvollst\u00e4ndige Inhalte und insbesondere f\u00fcr Sch\u00e4den, die aus der Nutzung oder Nichtnutzung&nbsp;<br>solcherart dargebotener Informationen entstehen, haftet allein der Anbieter der Seite, auf welche verwiesen wurde, nicht derjenige, der \u00fcber Links auf die jeweilige Ver\u00f6ffentlichung lediglich verweist. Eine Haftungsverpflichtung des TTC Ebingen ist ausschlie\u00dflich in dem Fall gegeben, in dem der TTC Ebingen von den Inhalten Kenntnis hat und es ihm technisch m\u00f6glich und zumutbar w\u00e4re, die Nutzung rechtswidriger Inhalte zu verhindern.<\/p>\n\n\n\n<p><strong>SALVATORISCHE KLAUSEL<\/strong><br>Sollte aus irgendwelchen Gr\u00fcnden eine der vorstehenden Bedingungen ung\u00fcltig sein, so wird die Wirksamkeit der anderen&nbsp;<br>Bestimmungen davon nicht ber\u00fchrt.<\/p>\n\n\n\n<p><strong>DATENSCHUTZ<\/strong><br>Die Nutzung unserer Webseite ist in der Regel ohne Angabe personenbezogener Daten m\u00f6glich. Soweit auf unseren Seiten personenbezogene Daten (beispielsweise Name, Anschrift oder e-Mail-Adressen) erhoben werden, erfolgt dies, soweit m\u00f6glich, stets auf freiwilliger Basis. Diese Daten werden ohne Ihre ausdr\u00fcckliche Zustimmung nicht an Dritte weitergegeben.<br>Wir weisen darauf hin, dass die Daten\u00fcbertragung im Internet (z.B. bei der Kommunikation per E-Mail) Sicherheitsl\u00fccken aufweisen kann. Ein l\u00fcckenloser Schutz der Daten vor dem Zugriff durch Dritte ist nicht m\u00f6glich.<br>Die Nutzung der im Rahmen des Impressums oder vergleichbarer Angaben ver\u00f6ffentlichten Kontaktdaten wie Postanschriften, Telefon- und Faxnummern sowie E-Mail-Adressen durch Dritte zur \u00dcbersendung von nicht ausdr\u00fccklich angeforderten Informationen ist nicht gestattet. Rechtliche Schritte gegen die Versender von so genannten Spam-Mails bei Verst\u00f6\u00dfen gegen dieses Verbot sind ausdr\u00fccklich vorbehalten.\n\n<\/p>\n","protected":false},"excerpt":{"rendered":"<p>BETREIBERTTC Ebingen 1947 e.V.Ulrichstr. 5572458 Albstadt&nbsp; VERTRETUNGSBERECHTIGUNG UNDGESAMTVERANTWORTUNG\u00a0 F\u00dcR DIE INHALTEFrank Zacke1. VorsitzenderTel.: 07431-9482828E-Mail:\u00a0frankzacke@t-online.deInternet: ttc-ebingen.de Registergericht:&nbsp;Amtsgericht StuttgartRegisternummer:&nbsp;167 (Vereinsregister) RECHTLICHE HINWEISE F\u00fcr alle vom TTC Ebingen&nbsp; betriebenen Webangebote gelten folgende Hinweise:Die auf den Webangeboten des TTC Ebingen verwendeten Texte, Bilder, T\u00f6ne u. \u00e4. unterliegen dem deutschen Urheberrecht.&nbsp;Die Verwendung dieser in fremden Publikationen aller Art bedarf einer &hellip; <\/p>\n<p class=\"link-more\"><a href=\"https:\/\/www.ttc-ebingen.de\/?page_id=154\" class=\"more-link\"><span class=\"screen-reader-text\">\u201eImpressum\u201c <\/span>weiterlesen<\/a><\/p>\n","protected":false},"author":1,"featured_media":0,"parent":0,"menu_order":0,"comment_status":"closed","ping_status":"closed","template":"","meta":{"footnotes":""},"class_list":["post-154","page","type-page","status-publish","hentry"],"_links":{"self":[{"href":"https:\/\/www.ttc-ebingen.de\/index.php?rest_route=\/wp\/v2\/pages\/154","targetHints":{"allow":["GET"]}}],"collection":[{"href":"https:\/\/www.ttc-ebingen.de\/index.php?rest_route=\/wp\/v2\/pages"}],"about":[{"href":"https:\/\/www.ttc-ebingen.de\/index.php?rest_route=\/wp\/v2\/types\/page"}],"author":[{"embeddable":true,"href":"https:\/\/www.ttc-ebingen.de\/index.php?rest_route=\/wp\/v2\/users\/1"}],"replies":[{"embeddable":true,"href":"https:\/\/www.ttc-ebingen.de\/index.php?rest_route=%2Fwp%2Fv2%2Fcomments&post=154"}],"version-history":[{"count":2,"href":"https:\/\/www.ttc-ebingen.de\/index.php?rest_route=\/wp\/v2\/pages\/154\/revisions"}],"predecessor-version":[{"id":245,"href":"https:\/\/www.ttc-ebingen.de\/index.php?rest_route=\/wp\/v2\/pages\/154\/revisions\/245"}],"wp:attachment":[{"href":"https:\/\/www.ttc-ebingen.de\/index.php?rest_route=%2Fwp%2Fv2%2Fmedia&parent=154"}],"curies":[{"name":"wp","href":"https:\/\/api.w.org\/{rel}","templated":true}]}}